{"id":1149,"date":"2016-10-13T16:30:31","date_gmt":"2016-10-13T19:30:31","guid":{"rendered":"http:\/\/warscenic.com.br\/wp\/?page_id=1149"},"modified":"2018-06-04T16:30:23","modified_gmt":"2018-06-04T19:30:23","slug":"tijolos-padrao-alemao-frances","status":"publish","type":"page","link":"http:\/\/warscenic.com.br\/wp\/produtos\/dioramas\/tijolos-padrao-alemao-frances\/","title":{"rendered":"Tijolos Padr\u00e3o Alem\u00e3o &#038; Franc\u00eas"},"content":{"rendered":"<p style=\"text-align: center;\"><img loading=\"lazy\" decoding=\"async\" class=\"aligncenter wp-image-1007 size-full\" src=\"http:\/\/warscenic.com.br\/wp\/wp-content\/uploads\/2016\/10\/vinhetas-1.jpg\" alt=\"vinhetas-1\" width=\"578\" height=\"453\" srcset=\"http:\/\/warscenic.com.br\/wp\/wp-content\/uploads\/2016\/10\/vinhetas-1.jpg 578w, http:\/\/warscenic.com.br\/wp\/wp-content\/uploads\/2016\/10\/vinhetas-1-300x235.jpg 300w\" sizes=\"auto, (max-width: 578px) 100vw, 578px\" \/><\/p>\n<h5><span style=\"color: #800000;\">Conte\u00fado de cada item: aproximadamente 1.000 (mil) tijolos.<\/span><\/h5>\n<p>&nbsp;<\/p>\n<p>Informa\u00e7\u00f5es t\u00e9cnicas:<\/p>\n<ul>\n<li>C\u00f3digo de produto:\u00a0D3509 (Padr\u00e3o Alem\u00e3o) e D3510 (Padr\u00e3o Franc\u00eas)<\/li>\n<li>Material de fabrica\u00e7\u00e3o:\u00a0gesso pedra<\/li>\n<li>Escala: 1\/35<\/li>\n<li>Cobertura de <a href=\"http:\/\/warscenic.com.br\/wp\/suporte-menu\/suporte\/\" target=\"_blank\" rel=\"noopener\">Suporte\u00a0T\u00e9cnico<\/a><\/li>\n<li>Produto\u00a0desenvolvido a partir de concep\u00e7\u00e3o exclusiva, design,\u00a0registro e fabrica\u00e7\u00e3o de: Asgard Modelismo &amp; Design Ltda. ME &#8211; Todos os direitos reservados<\/li>\n<\/ul>\n<table width=\"100%\">\n<tbody>\n<tr>\n<td style=\"text-align: center;\">\n<h4><img loading=\"lazy\" decoding=\"async\" class=\"size-full wp-image-1450 alignleft\" src=\"http:\/\/warscenic.com.br\/wp\/wp-content\/uploads\/2017\/02\/disponibilidade-verde.jpg\" alt=\"\" width=\"230\" height=\"118\" \/><span style=\"color: #800000;\"><strong>R$ 24,00 (unidade)<\/strong><\/span><\/h4>\n<p><a href=\"http:\/\/warscenic.com.br\/wp\/suporte-menu\/pedidos-e-orcamentos\/\"><img loading=\"lazy\" decoding=\"async\" class=\"size-full wp-image-1383\" src=\"http:\/\/warscenic.com.br\/wp\/wp-content\/uploads\/2016\/09\/comprar-laranja.gif\" alt=\"comprar-laranja\" width=\"120\" height=\"32\" \/><\/a><\/td>\n<td><img decoding=\"async\" class=\"alignright\" title=\"Parcele suas compras em at\u00e9 18x\" src=\"https:\/\/stc.pagseguro.uol.com.br\/public\/img\/banners\/divulgacao\/125x125_10X_pagseguro.gif\" alt=\"Banner PagSeguro\" \/><\/td>\n<\/tr>\n<\/tbody>\n<\/table>\n","protected":false},"excerpt":{"rendered":"<p>Conte\u00fado de cada item: aproximadamente 1.000 (mil) tijolos. &nbsp; Informa\u00e7\u00f5es t\u00e9cnicas: C\u00f3digo de produto:\u00a0D3509 (Padr\u00e3o Alem\u00e3o) e D3510 (Padr\u00e3o Franc\u00eas) Material de fabrica\u00e7\u00e3o:\u00a0gesso pedra Escala: 1\/35 Cobertura de Suporte\u00a0T\u00e9cnico Produto\u00a0desenvolvido a partir de concep\u00e7\u00e3o exclusiva, design,\u00a0registro e fabrica\u00e7\u00e3o de: Asgard Modelismo &amp; Design Ltda. ME &#8211; Todos os direitos reservados R$ 24,00 (unidade)<\/p>\n","protected":false},"author":1,"featured_media":0,"parent":619,"menu_order":0,"comment_status":"closed","ping_status":"closed","template":"","meta":{"footnotes":""},"class_list":["post-1149","page","type-page","status-publish","hentry"],"_links":{"self":[{"href":"http:\/\/warscenic.com.br\/wp\/wp-json\/wp\/v2\/pages\/1149","targetHints":{"allow":["GET"]}}],"collection":[{"href":"http:\/\/warscenic.com.br\/wp\/wp-json\/wp\/v2\/pages"}],"about":[{"href":"http:\/\/warscenic.com.br\/wp\/wp-json\/wp\/v2\/types\/page"}],"author":[{"embeddable":true,"href":"http:\/\/warscenic.com.br\/wp\/wp-json\/wp\/v2\/users\/1"}],"replies":[{"embeddable":true,"href":"http:\/\/warscenic.com.br\/wp\/wp-json\/wp\/v2\/comments?post=1149"}],"version-history":[{"count":7,"href":"http:\/\/warscenic.com.br\/wp\/wp-json\/wp\/v2\/pages\/1149\/revisions"}],"predecessor-version":[{"id":1884,"href":"http:\/\/warscenic.com.br\/wp\/wp-json\/wp\/v2\/pages\/1149\/revisions\/1884"}],"up":[{"embeddable":true,"href":"http:\/\/warscenic.com.br\/wp\/wp-json\/wp\/v2\/pages\/619"}],"wp:attachment":[{"href":"http:\/\/warscenic.com.br\/wp\/wp-json\/wp\/v2\/media?parent=1149"}],"curies":[{"name":"wp","href":"https:\/\/api.w.org\/{rel}","templated":true}]}}