{"id":1164,"date":"2016-10-13T17:05:28","date_gmt":"2016-10-13T20:05:28","guid":{"rendered":"http:\/\/warscenic.com.br\/wp\/?page_id=1164"},"modified":"2017-02-07T17:13:30","modified_gmt":"2017-02-07T20:13:30","slug":"esquina-em-varsovia-1939","status":"publish","type":"page","link":"http:\/\/warscenic.com.br\/wp\/produtos\/dioramas\/esquina-em-varsovia-1939\/","title":{"rendered":"Esquina em Vars\u00f3via 1939"},"content":{"rendered":"\r\n\t\t<style type='text\/css'>\r\n\t\t\t#gallery-1 {\r\n\t\t\t\tmargin: auto;\r\n\t\t\t}\r\n\t\t\t#gallery-1 .gallery-item {\r\n\t\t\t\tfloat: left;\r\n\t\t\t\tmargin-top: 10px;\r\n\t\t\t\ttext-align: center;\r\n\t\t\t\twidth: 50%;\r\n\t\t\t}\r\n\t\t\t#gallery-1 img {\r\n\t\t\t\tborder: 2px solid #cfcfcf;\r\n\t\t\t}\r\n\t\t\t#gallery-1 .gallery-caption {\r\n\t\t\t\tmargin-left: 0;\r\n\t\t\t}\r\n\t\t\t\/* see gallery_shortcode() in wp-includes\/media.php *\/\r\n\t\t<\/style>\n\t\t<div id='gallery-1' class='gallery galleryid-1164 gallery-columns-2 gallery-size-gallery-thumb'><dl class='gallery-item'>\r\n\t\t\t<dt class='gallery-icon landscape'>\r\n\t\t\t\t<img loading=\"lazy\" decoding=\"async\" width=\"800\" height=\"600\" src=\"http:\/\/warscenic.com.br\/wp\/wp-content\/uploads\/2016\/10\/IMG_9052.jpg\" class=\"attachment-gallery-thumb size-gallery-thumb\" alt=\"\" srcset=\"http:\/\/warscenic.com.br\/wp\/wp-content\/uploads\/2016\/10\/IMG_9052.jpg 800w, http:\/\/warscenic.com.br\/wp\/wp-content\/uploads\/2016\/10\/IMG_9052-300x225.jpg 300w, http:\/\/warscenic.com.br\/wp\/wp-content\/uploads\/2016\/10\/IMG_9052-768x576.jpg 768w, http:\/\/warscenic.com.br\/wp\/wp-content\/uploads\/2016\/10\/IMG_9052-300x225@2x.jpg 600w\" sizes=\"auto, (max-width: 800px) 100vw, 800px\" \/>\r\n\t\t\t<\/dt><\/dl><dl class='gallery-item'>\r\n\t\t\t<dt class='gallery-icon landscape'>\r\n\t\t\t\t<img loading=\"lazy\" decoding=\"async\" width=\"800\" height=\"600\" src=\"http:\/\/warscenic.com.br\/wp\/wp-content\/uploads\/2016\/10\/IMG_9060.jpg\" class=\"attachment-gallery-thumb size-gallery-thumb\" alt=\"\" srcset=\"http:\/\/warscenic.com.br\/wp\/wp-content\/uploads\/2016\/10\/IMG_9060.jpg 800w, http:\/\/warscenic.com.br\/wp\/wp-content\/uploads\/2016\/10\/IMG_9060-300x225.jpg 300w, http:\/\/warscenic.com.br\/wp\/wp-content\/uploads\/2016\/10\/IMG_9060-768x576.jpg 768w, http:\/\/warscenic.com.br\/wp\/wp-content\/uploads\/2016\/10\/IMG_9060-300x225@2x.jpg 600w\" sizes=\"auto, (max-width: 800px) 100vw, 800px\" \/>\r\n\t\t\t<\/dt><\/dl><br style=\"clear: both\" \/><dl class='gallery-item'>\r\n\t\t\t<dt class='gallery-icon landscape'>\r\n\t\t\t\t<img loading=\"lazy\" decoding=\"async\" width=\"800\" height=\"600\" src=\"http:\/\/warscenic.com.br\/wp\/wp-content\/uploads\/2016\/10\/IMG_9054.jpg\" class=\"attachment-gallery-thumb size-gallery-thumb\" alt=\"\" srcset=\"http:\/\/warscenic.com.br\/wp\/wp-content\/uploads\/2016\/10\/IMG_9054.jpg 800w, http:\/\/warscenic.com.br\/wp\/wp-content\/uploads\/2016\/10\/IMG_9054-300x225.jpg 300w, http:\/\/warscenic.com.br\/wp\/wp-content\/uploads\/2016\/10\/IMG_9054-768x576.jpg 768w, http:\/\/warscenic.com.br\/wp\/wp-content\/uploads\/2016\/10\/IMG_9054-300x225@2x.jpg 600w\" sizes=\"auto, (max-width: 800px) 100vw, 800px\" \/>\r\n\t\t\t<\/dt><\/dl><dl class='gallery-item'>\r\n\t\t\t<dt class='gallery-icon landscape'>\r\n\t\t\t\t<img loading=\"lazy\" decoding=\"async\" width=\"800\" height=\"600\" src=\"http:\/\/warscenic.com.br\/wp\/wp-content\/uploads\/2016\/10\/IMG_9058.jpg\" class=\"attachment-gallery-thumb size-gallery-thumb\" alt=\"\" srcset=\"http:\/\/warscenic.com.br\/wp\/wp-content\/uploads\/2016\/10\/IMG_9058.jpg 800w, http:\/\/warscenic.com.br\/wp\/wp-content\/uploads\/2016\/10\/IMG_9058-300x225.jpg 300w, http:\/\/warscenic.com.br\/wp\/wp-content\/uploads\/2016\/10\/IMG_9058-768x576.jpg 768w, http:\/\/warscenic.com.br\/wp\/wp-content\/uploads\/2016\/10\/IMG_9058-300x225@2x.jpg 600w\" sizes=\"auto, (max-width: 800px) 100vw, 800px\" \/>\r\n\t\t\t<\/dt><\/dl><br style=\"clear: both\" \/>\r\n\t\t<\/div>\n\n<p>Informa\u00e7\u00f5es t\u00e9cnicas:<img loading=\"lazy\" decoding=\"async\" class=\"size-full wp-image-1453 alignright\" src=\"http:\/\/warscenic.com.br\/wp\/wp-content\/uploads\/2017\/02\/disponibilidade-amarelo.jpg\" alt=\"\" width=\"230\" height=\"118\" \/><\/p>\n<ul>\n<li>C\u00f3digo de produto:\u00a0D7205<\/li>\n<li>Material de fabrica\u00e7\u00e3o:\u00a0gesso pedra e resina de poliuretano<\/li>\n<li>Escala: 1\/72<\/li>\n<li>Modelo vendido desmontado e sem pintura<\/li>\n<li>Cobertura de <a href=\"http:\/\/warscenic.com.br\/wp\/suporte-menu\/suporte\/\" target=\"_blank\">Suporte\u00a0T\u00e9cnico<\/a><\/li>\n<li>Produto\u00a0desenvolvido a partir de concep\u00e7\u00e3o exclusiva, design,\u00a0registro e fabrica\u00e7\u00e3o de: Asgard Modelismo &amp; Design Ltda. ME &#8211; Todos os direitos reservados<\/li>\n<\/ul>\n","protected":false},"excerpt":{"rendered":"<p>Informa\u00e7\u00f5es t\u00e9cnicas: C\u00f3digo de produto:\u00a0D7205 Material de fabrica\u00e7\u00e3o:\u00a0gesso pedra e resina de poliuretano Escala: 1\/72 Modelo vendido desmontado e sem pintura Cobertura de Suporte\u00a0T\u00e9cnico Produto\u00a0desenvolvido a partir de concep\u00e7\u00e3o exclusiva, design,\u00a0registro e fabrica\u00e7\u00e3o de: Asgard Modelismo &amp; Design Ltda. ME &#8211; Todos os direitos reservados<\/p>\n","protected":false},"author":1,"featured_media":0,"parent":619,"menu_order":0,"comment_status":"closed","ping_status":"closed","template":"","meta":{"footnotes":""},"class_list":["post-1164","page","type-page","status-publish","hentry"],"_links":{"self":[{"href":"http:\/\/warscenic.com.br\/wp\/wp-json\/wp\/v2\/pages\/1164","targetHints":{"allow":["GET"]}}],"collection":[{"href":"http:\/\/warscenic.com.br\/wp\/wp-json\/wp\/v2\/pages"}],"about":[{"href":"http:\/\/warscenic.com.br\/wp\/wp-json\/wp\/v2\/types\/page"}],"author":[{"embeddable":true,"href":"http:\/\/warscenic.com.br\/wp\/wp-json\/wp\/v2\/users\/1"}],"replies":[{"embeddable":true,"href":"http:\/\/warscenic.com.br\/wp\/wp-json\/wp\/v2\/comments?post=1164"}],"version-history":[{"count":5,"href":"http:\/\/warscenic.com.br\/wp\/wp-json\/wp\/v2\/pages\/1164\/revisions"}],"predecessor-version":[{"id":1519,"href":"http:\/\/warscenic.com.br\/wp\/wp-json\/wp\/v2\/pages\/1164\/revisions\/1519"}],"up":[{"embeddable":true,"href":"http:\/\/warscenic.com.br\/wp\/wp-json\/wp\/v2\/pages\/619"}],"wp:attachment":[{"href":"http:\/\/warscenic.com.br\/wp\/wp-json\/wp\/v2\/media?parent=1164"}],"curies":[{"name":"wp","href":"https:\/\/api.w.org\/{rel}","templated":true}]}}