{"id":1292,"date":"2016-10-26T14:54:08","date_gmt":"2016-10-26T17:54:08","guid":{"rendered":"http:\/\/warscenic.com.br\/wp\/?page_id=1292"},"modified":"2017-02-07T17:11:01","modified_gmt":"2017-02-07T20:11:01","slug":"predio-alemao-em-munich","status":"publish","type":"page","link":"http:\/\/warscenic.com.br\/wp\/produtos\/dioramas\/predio-alemao-em-munich\/","title":{"rendered":"Pr\u00e9dio Alem\u00e3o em Munich"},"content":{"rendered":"<table style=\"width: 100%;\">\n<tbody>\n<tr>\n<td style=\"text-align: center;\" rowspan=\"2\"><img loading=\"lazy\" decoding=\"async\" class=\"aligncenter size-full wp-image-1296\" src=\"http:\/\/warscenic.com.br\/wp\/wp-content\/uploads\/2016\/10\/01.jpg\" alt=\"01\" width=\"555\" height=\"699\" srcset=\"http:\/\/warscenic.com.br\/wp\/wp-content\/uploads\/2016\/10\/01.jpg 555w, http:\/\/warscenic.com.br\/wp\/wp-content\/uploads\/2016\/10\/01-238x300.jpg 238w, http:\/\/warscenic.com.br\/wp\/wp-content\/uploads\/2016\/10\/01-238x300@2x.jpg 476w\" sizes=\"auto, (max-width: 555px) 100vw, 555px\" \/><\/p>\n<h4>Este modelo encontra-se<br \/>\n<span style=\"color: #ff0000;\">em aprimoramento<\/span>.<\/h4>\n<h4>Lan\u00e7amento do kit finalizado em breve.<\/h4>\n<p><em>&#8212; Fotos\u00a0meramente ilustrativas. &#8212;<\/em><\/td>\n<td style=\"text-align: center;\"><img loading=\"lazy\" decoding=\"async\" class=\"aligncenter size-full wp-image-1300\" src=\"http:\/\/warscenic.com.br\/wp\/wp-content\/uploads\/2016\/10\/02b.jpg\" alt=\"02b\" width=\"555\" height=\"417\" srcset=\"http:\/\/warscenic.com.br\/wp\/wp-content\/uploads\/2016\/10\/02b.jpg 555w, http:\/\/warscenic.com.br\/wp\/wp-content\/uploads\/2016\/10\/02b-300x225.jpg 300w\" sizes=\"auto, (max-width: 555px) 100vw, 555px\" \/><\/td>\n<\/tr>\n<tr>\n<td style=\"text-align: center;\"><img loading=\"lazy\" decoding=\"async\" class=\"aligncenter size-full wp-image-1298\" src=\"http:\/\/warscenic.com.br\/wp\/wp-content\/uploads\/2016\/10\/03.jpg\" alt=\"03\" width=\"555\" height=\"416\" srcset=\"http:\/\/warscenic.com.br\/wp\/wp-content\/uploads\/2016\/10\/03.jpg 555w, http:\/\/warscenic.com.br\/wp\/wp-content\/uploads\/2016\/10\/03-300x225.jpg 300w\" sizes=\"auto, (max-width: 555px) 100vw, 555px\" \/><\/td>\n<\/tr>\n<\/tbody>\n<\/table>\n<hr \/>\n<table>\n<tbody>\n<tr>\n<td colspan=\"2\">Informa\u00e7\u00f5es t\u00e9cnicas:<img loading=\"lazy\" decoding=\"async\" class=\"size-full wp-image-1453 alignright\" src=\"http:\/\/warscenic.com.br\/wp\/wp-content\/uploads\/2017\/02\/disponibilidade-amarelo.jpg\" alt=\"\" width=\"230\" height=\"118\" \/><\/p>\n<ul>\n<li>C\u00f3digo de produto: D3533<\/li>\n<li>Material de fabrica\u00e7\u00e3o:\u00a0gesso pedra<\/li>\n<li>Escala: 1\/35<\/li>\n<li>Modelo vendido desmontado e sem pintura<\/li>\n<li>Cobertura de <a href=\"http:\/\/warscenic.com.br\/wp\/suporte-menu\/suporte\/\" target=\"_blank\">Suporte\u00a0T\u00e9cnico<\/a><\/li>\n<li>Produto\u00a0desenvolvido a partir de concep\u00e7\u00e3o exclusiva, design,\u00a0registro e fabrica\u00e7\u00e3o de: Asgard Modelismo &amp; Design Ltda. ME \u2013 Todos os direitos reservados<\/li>\n<\/ul>\n<\/td>\n<\/tr>\n<\/tbody>\n<\/table>\n<p>&nbsp;<\/p>\n","protected":false},"excerpt":{"rendered":"<p>Este modelo encontra-se em aprimoramento. Lan\u00e7amento do kit finalizado em breve. &#8212; Fotos\u00a0meramente ilustrativas. &#8212; Informa\u00e7\u00f5es t\u00e9cnicas: C\u00f3digo de produto: D3533 Material de fabrica\u00e7\u00e3o:\u00a0gesso pedra Escala: 1\/35 Modelo vendido desmontado e sem pintura Cobertura de Suporte\u00a0T\u00e9cnico Produto\u00a0desenvolvido a partir de concep\u00e7\u00e3o exclusiva, design,\u00a0registro e fabrica\u00e7\u00e3o de: Asgard Modelismo &amp; Design Ltda. ME \u2013 Todos os [&hellip;]<\/p>\n","protected":false},"author":1,"featured_media":0,"parent":619,"menu_order":0,"comment_status":"closed","ping_status":"closed","template":"","meta":{"footnotes":""},"class_list":["post-1292","page","type-page","status-publish","hentry"],"_links":{"self":[{"href":"http:\/\/warscenic.com.br\/wp\/wp-json\/wp\/v2\/pages\/1292","targetHints":{"allow":["GET"]}}],"collection":[{"href":"http:\/\/warscenic.com.br\/wp\/wp-json\/wp\/v2\/pages"}],"about":[{"href":"http:\/\/warscenic.com.br\/wp\/wp-json\/wp\/v2\/types\/page"}],"author":[{"embeddable":true,"href":"http:\/\/warscenic.com.br\/wp\/wp-json\/wp\/v2\/users\/1"}],"replies":[{"embeddable":true,"href":"http:\/\/warscenic.com.br\/wp\/wp-json\/wp\/v2\/comments?post=1292"}],"version-history":[{"count":10,"href":"http:\/\/warscenic.com.br\/wp\/wp-json\/wp\/v2\/pages\/1292\/revisions"}],"predecessor-version":[{"id":1514,"href":"http:\/\/warscenic.com.br\/wp\/wp-json\/wp\/v2\/pages\/1292\/revisions\/1514"}],"up":[{"embeddable":true,"href":"http:\/\/warscenic.com.br\/wp\/wp-json\/wp\/v2\/pages\/619"}],"wp:attachment":[{"href":"http:\/\/warscenic.com.br\/wp\/wp-json\/wp\/v2\/media?parent=1292"}],"curies":[{"name":"wp","href":"https:\/\/api.w.org\/{rel}","templated":true}]}}