{"id":862,"date":"2016-09-28T17:02:39","date_gmt":"2016-09-28T20:02:39","guid":{"rendered":"http:\/\/warscenic.com.br\/wp\/?page_id=862"},"modified":"2017-02-06T17:31:58","modified_gmt":"2017-02-06T20:31:58","slug":"litfass-sauler","status":"publish","type":"page","link":"http:\/\/warscenic.com.br\/wp\/produtos\/dioramas\/litfass-sauler\/","title":{"rendered":"Litf\u00e4ss S\u00e4uler"},"content":{"rendered":"<table>\n<tbody>\n<tr>\n<td><img loading=\"lazy\" decoding=\"async\" class=\"aligncenter size-full wp-image-885\" src=\"http:\/\/warscenic.com.br\/wp\/wp-content\/uploads\/2016\/09\/interno-litfass3.jpg\" alt=\"interno-litfass3\" width=\"268\" height=\"681\" srcset=\"http:\/\/warscenic.com.br\/wp\/wp-content\/uploads\/2016\/09\/interno-litfass3.jpg 268w, http:\/\/warscenic.com.br\/wp\/wp-content\/uploads\/2016\/09\/interno-litfass3-118x300.jpg 118w, http:\/\/warscenic.com.br\/wp\/wp-content\/uploads\/2016\/09\/interno-litfass3-118x300@2x.jpg 236w\" sizes=\"auto, (max-width: 268px) 100vw, 268px\" \/><\/p>\n<p style=\"text-align: center;\">Modelo montado e pintado*<\/p>\n<\/td>\n<td>\n<p style=\"text-align: center;\"><img loading=\"lazy\" decoding=\"async\" class=\"aligncenter wp-image-887 size-full\" src=\"http:\/\/warscenic.com.br\/wp\/wp-content\/uploads\/2016\/09\/interno-litfass2.jpg\" width=\"603\" height=\"500\" srcset=\"http:\/\/warscenic.com.br\/wp\/wp-content\/uploads\/2016\/09\/interno-litfass2.jpg 603w, http:\/\/warscenic.com.br\/wp\/wp-content\/uploads\/2016\/09\/interno-litfass2-300x249.jpg 300w, http:\/\/warscenic.com.br\/wp\/wp-content\/uploads\/2016\/09\/interno-litfass2-300x249@2x.jpg 600w\" sizes=\"auto, (max-width: 603px) 100vw, 603px\" \/><\/p>\n<p style=\"text-align: center;\">Pe\u00e7as que comp\u00f5e o produto (modelo desmontado)*<\/p>\n<\/td>\n<\/tr>\n<tr>\n<td colspan=\"2\">Informa\u00e7\u00f5es t\u00e9cnicas:<\/p>\n<ul style=\"text-align: center;\">\n<li style=\"text-align: left;\">C\u00f3digo de produto: R3501<\/li>\n<li style=\"text-align: left;\">Material de fabrica\u00e7\u00e3o: resina de poliuretano<\/li>\n<li style=\"text-align: left;\">Escala: 1\/35<\/li>\n<li style=\"text-align: left;\">Modelo vendido desmontado e sem pintura<\/li>\n<li style=\"text-align: left;\">Acompanha folheto\u00a0personalizado de instru\u00e7\u00f5es de montagem e colagem com fotos do processo\u00a0&#8220;step by step&#8221;<\/li>\n<li style=\"text-align: left;\">Cobertura de <a href=\"http:\/\/warscenic.com.br\/wp\/suporte-menu\/suporte\/\" target=\"_blank\">Suporte\u00a0T\u00e9cnico<\/a><\/li>\n<li style=\"text-align: left;\">Produto\u00a0desenvolvido a partir de concep\u00e7\u00e3o exclusiva, design,\u00a0registro e fabrica\u00e7\u00e3o de: Asgard Modelismo &amp; Design Ltda. ME &#8211; Todos os direitos reservados<\/li>\n<\/ul>\n<p>*Fotos\u00a0meramente ilustrativas<\/td>\n<\/tr>\n<\/tbody>\n<\/table>\n<table width=\"100%\">\n<tbody>\n<tr>\n<td style=\"text-align: center;\">\n<h4><img loading=\"lazy\" decoding=\"async\" class=\"size-full wp-image-1450 alignleft\" src=\"http:\/\/warscenic.com.br\/wp\/wp-content\/uploads\/2017\/02\/disponibilidade-verde.jpg\" alt=\"\" width=\"230\" height=\"118\" \/><span style=\"color: #800000;\"><strong>R$ 60,00 (unidade)<\/strong><\/span><\/h4>\n<p><a href=\"http:\/\/warscenic.com.br\/wp\/suporte-menu\/pedidos-e-orcamentos\/\"><img loading=\"lazy\" decoding=\"async\" class=\"size-full wp-image-1383 aligncenter\" src=\"http:\/\/warscenic.com.br\/wp\/wp-content\/uploads\/2016\/09\/comprar-laranja.gif\" alt=\"comprar-laranja\" width=\"120\" height=\"32\" \/><\/a><\/td>\n<td><img decoding=\"async\" class=\"alignright\" title=\"Parcele suas compras em at\u00e9 18x\" src=\"https:\/\/stc.pagseguro.uol.com.br\/public\/img\/banners\/divulgacao\/125x125_10X_pagseguro.gif\" alt=\"Banner PagSeguro\" \/><\/td>\n<\/tr>\n<\/tbody>\n<\/table>\n","protected":false},"excerpt":{"rendered":"<p>Modelo montado e pintado* Pe\u00e7as que comp\u00f5e o produto (modelo desmontado)* Informa\u00e7\u00f5es t\u00e9cnicas: C\u00f3digo de produto: R3501 Material de fabrica\u00e7\u00e3o: resina de poliuretano Escala: 1\/35 Modelo vendido desmontado e sem pintura Acompanha folheto\u00a0personalizado de instru\u00e7\u00f5es de montagem e colagem com fotos do processo\u00a0&#8220;step by step&#8221; Cobertura de Suporte\u00a0T\u00e9cnico Produto\u00a0desenvolvido a partir de concep\u00e7\u00e3o exclusiva, design,\u00a0registro [&hellip;]<\/p>\n","protected":false},"author":1,"featured_media":0,"parent":619,"menu_order":0,"comment_status":"closed","ping_status":"closed","template":"","meta":{"footnotes":""},"class_list":["post-862","page","type-page","status-publish","hentry"],"_links":{"self":[{"href":"http:\/\/warscenic.com.br\/wp\/wp-json\/wp\/v2\/pages\/862","targetHints":{"allow":["GET"]}}],"collection":[{"href":"http:\/\/warscenic.com.br\/wp\/wp-json\/wp\/v2\/pages"}],"about":[{"href":"http:\/\/warscenic.com.br\/wp\/wp-json\/wp\/v2\/types\/page"}],"author":[{"embeddable":true,"href":"http:\/\/warscenic.com.br\/wp\/wp-json\/wp\/v2\/users\/1"}],"replies":[{"embeddable":true,"href":"http:\/\/warscenic.com.br\/wp\/wp-json\/wp\/v2\/comments?post=862"}],"version-history":[{"count":14,"href":"http:\/\/warscenic.com.br\/wp\/wp-json\/wp\/v2\/pages\/862\/revisions"}],"predecessor-version":[{"id":1458,"href":"http:\/\/warscenic.com.br\/wp\/wp-json\/wp\/v2\/pages\/862\/revisions\/1458"}],"up":[{"embeddable":true,"href":"http:\/\/warscenic.com.br\/wp\/wp-json\/wp\/v2\/pages\/619"}],"wp:attachment":[{"href":"http:\/\/warscenic.com.br\/wp\/wp-json\/wp\/v2\/media?parent=862"}],"curies":[{"name":"wp","href":"https:\/\/api.w.org\/{rel}","templated":true}]}}